{"id":1400,"date":"2023-03-22T11:13:42","date_gmt":"2023-03-22T10:13:42","guid":{"rendered":"https:\/\/kupelarestaurante.com\/?page_id=1400"},"modified":"2023-03-22T12:38:30","modified_gmt":"2023-03-22T11:38:30","slug":"aviso-legal","status":"publish","type":"page","link":"https:\/\/kupelarestaurante.com\/index.php\/aviso-legal\/","title":{"rendered":"Aviso Legal"},"content":{"rendered":"\t\t<div data-elementor-type=\"wp-page\" data-elementor-id=\"1400\" class=\"elementor elementor-1400\" data-elementor-settings=\"[]\">\n\t\t\t\t\t\t<div class=\"elementor-inner\">\n\t\t\t\t\t\t\t<div class=\"elementor-section-wrap\">\n\t\t\t\t\t\t\t<section class=\"elementor-section elementor-top-section elementor-element elementor-element-208170e7 elementor-section-full_width elementor-section-height-min-height elementor-section-height-default elementor-section-items-middle\" data-id=\"208170e7\" data-element_type=\"section\" data-settings=\"{&quot;background_background&quot;:&quot;classic&quot;}\">\n\t\t\t\t\t\t<div class=\"elementor-container elementor-column-gap-default\">\n\t\t\t\t\t\t\t<div class=\"elementor-row\">\n\t\t\t\t\t<div class=\"elementor-column elementor-col-100 elementor-top-column elementor-element elementor-element-573362a4\" data-id=\"573362a4\" data-element_type=\"column\">\n\t\t\t<div class=\"elementor-column-wrap elementor-element-populated\">\n\t\t\t\t\t\t\t<div class=\"elementor-widget-wrap\">\n\t\t\t\t\t\t<div class=\"elementor-element elementor-element-e5e9720 elementor-widget elementor-widget-heading\" data-id=\"e5e9720\" data-element_type=\"widget\" data-widget_type=\"heading.default\">\n\t\t\t\t<div class=\"elementor-widget-container\">\n\t\t\t<h2 class=\"elementor-heading-title elementor-size-xxl\">Aviso Legal<\/h2>\t\t<\/div>\n\t\t\t\t<\/div>\n\t\t\t\t\t\t<\/div>\n\t\t\t\t\t<\/div>\n\t\t<\/div>\n\t\t\t\t\t\t\t\t<\/div>\n\t\t\t\t\t<\/div>\n\t\t<\/section>\n\t\t\t\t<section class=\"elementor-section elementor-top-section elementor-element elementor-element-fa60d35 elementor-section-boxed elementor-section-height-default elementor-section-height-default\" data-id=\"fa60d35\" data-element_type=\"section\" data-settings=\"{&quot;background_background&quot;:&quot;classic&quot;}\">\n\t\t\t\t\t\t<div class=\"elementor-container elementor-column-gap-default\">\n\t\t\t\t\t\t\t<div class=\"elementor-row\">\n\t\t\t\t\t<div class=\"elementor-column elementor-col-100 elementor-top-column elementor-element elementor-element-1a869ce3\" data-id=\"1a869ce3\" data-element_type=\"column\">\n\t\t\t<div class=\"elementor-column-wrap elementor-element-populated\">\n\t\t\t\t\t\t\t<div class=\"elementor-widget-wrap\">\n\t\t\t\t\t\t<div class=\"elementor-element elementor-element-1c6980 elementor-widget elementor-widget-text-editor\" data-id=\"1c6980\" data-element_type=\"widget\" data-widget_type=\"text-editor.default\">\n\t\t\t\t<div class=\"elementor-widget-container\">\n\t\t\t\t\t<div class=\"elementor-text-editor elementor-clearfix\"><p><strong><a id=\"miga\" href=\"https:\/\/kupelarestaurante.com\/\">HOME<\/a>\u00a0 &gt;\u00a0 AVISO LEGAL<br \/><\/strong><\/p><\/div>\n\t\t\t\t<\/div>\n\t\t\t\t<\/div>\n\t\t\t\t\t\t<\/div>\n\t\t\t\t\t<\/div>\n\t\t<\/div>\n\t\t\t\t\t\t\t\t<\/div>\n\t\t\t\t\t<\/div>\n\t\t<\/section>\n\t\t\t\t<section class=\"elementor-section elementor-top-section elementor-element elementor-element-24ccba2a elementor-section-boxed elementor-section-height-default elementor-section-height-default\" data-id=\"24ccba2a\" data-element_type=\"section\">\n\t\t\t\t\t\t<div class=\"elementor-container elementor-column-gap-default\">\n\t\t\t\t\t\t\t<div class=\"elementor-row\">\n\t\t\t\t\t<div class=\"elementor-column elementor-col-100 elementor-top-column elementor-element elementor-element-558c0fce\" data-id=\"558c0fce\" data-element_type=\"column\">\n\t\t\t<div class=\"elementor-column-wrap elementor-element-populated\">\n\t\t\t\t\t\t\t<div class=\"elementor-widget-wrap\">\n\t\t\t\t\t\t<div class=\"elementor-element elementor-element-49529f26 elementor-widget elementor-widget-spacer\" data-id=\"49529f26\" data-element_type=\"widget\" data-widget_type=\"spacer.default\">\n\t\t\t\t<div class=\"elementor-widget-container\">\n\t\t\t\t\t<div class=\"elementor-spacer\">\n\t\t\t<div class=\"elementor-spacer-inner\"><\/div>\n\t\t<\/div>\n\t\t\t\t<\/div>\n\t\t\t\t<\/div>\n\t\t\t\t<div class=\"elementor-element elementor-element-8b9b4a4 elementor-widget elementor-widget-text-editor\" data-id=\"8b9b4a4\" data-element_type=\"widget\" data-widget_type=\"text-editor.default\">\n\t\t\t\t<div class=\"elementor-widget-container\">\n\t\t\t\t\t<div class=\"elementor-text-editor elementor-clearfix\"><div class=\"item_fulltext\"><h3 class=\"visible-first\">1.Informaci\u00f3n legal<\/h3><p>Las presentes disposiciones regulan el uso del servicio de la presente web de Internet (en adelante, la &#8220;web&#8221;) que Restaurante Kupela SL pone a disposici\u00f3n de sus usuarios.<br \/><br \/>Entidad: Restaurante Kupela SL<br \/>CIF: B20618260<br \/>Direcci\u00f3n: Zuloaga 12, Hondarribia (20280), Gipuzkoa<br \/><br \/>La utilizaci\u00f3n la web atribuye la condici\u00f3n de usuario de la web (en adelante, el &#8220;usuario&#8221;) e implica la aceptaci\u00f3n de todas las condiciones incluidas en este Aviso Legal. La prestaci\u00f3n del servicio de la web tiene una duraci\u00f3n limitada al momento en el que el usuario se encuentre conectado a la misma. Por tanto, el usuario debe leer atentamente el presente Aviso Legal en cada una de las ocasiones en que se proponga utilizar la web, ya que \u00e9ste y sus condiciones de uso recogidas en el presente Aviso Legal pueden sufrir modificaciones.<\/p><h3 class=\"visible-first\">2. Derechos de propiedad intelectual e industrial<\/h3><p>Todos los contenidos de esta web, entendiendo por estos a t\u00edtulo meramente enunciativo, los textos, fotos, gr\u00e1ficos, im\u00e1genes, iconos, links y cualquiera otros contenidos audiovisuales o sonoros, as\u00ed como su dise\u00f1o gr\u00e1fico y c\u00f3digos fuente (en adelante, los &#8220;contenidos&#8221;), son propiedad intelectual de Restaurante Kupela SL o de terceros, sin que puedan entenderse cedidos al usuario ninguno de los derechos de explotaci\u00f3n sobre los mismos m\u00e1s all\u00e1 de lo estrictamente necesario para el correcto uso de la web.<br \/><br \/>Las marcas, nombres comerciales o signos distintivos que pudiesen aparecer en el sitio web son titularidad de Restaurante Kupela SL o terceros, sin que pueda entenderse que el acceso a la web atribuya ning\u00fan derecho sobre las citadas marcas, nombres comerciales y\/o signos distintivos.<\/p><h3 class=\"visible-first\">3. Condiciones de uso de la Web<\/h3><p><strong>a). Sobre el uso<\/strong><\/p><p>El usuario se obliga a hacer un uso correcto de la web de conformidad con la Ley y el presente Aviso Legal. El usuario responder\u00e1 frente a Restaurante Kupela SL o frente a terceros, de cualesquiera da\u00f1os y perjuicios que pudieran causarse como consecuencia del incumplimiento de dicha obligaci\u00f3n.<\/p><p>Queda expresamente prohibido el uso de la web con fines lesivos de bienes o intereses de Restaurante Kupela SL o de terceros o que de cualquier otra forma sobrecarguen, da\u00f1en o inutilicen las redes, servidores y dem\u00e1s equipos inform\u00e1ticos (hardware) o productos y aplicaciones inform\u00e1ticas (software) de Restaurante Kupela SL o de terceros.<\/p><p><strong>b) Sobre los Contenidos<\/strong><br \/><br \/>El usuario se compromete a utilizar los contenidos de conformidad con la Ley y el presente Aviso Legal, as\u00ed como con las dem\u00e1s condiciones, reglamentos e instrucciones que en su caso pudieran ser de aplicaci\u00f3n de conformidad con lo dispuesto en el apartado 1.<br \/><br \/>Con car\u00e1cter meramente enunciativo, el usuario de acuerdo con la legislaci\u00f3n vigente deber\u00e1 abstenerse de:<\/p><p>&#8211;\u00a0 Reproducir, copiar, distribuir, poner a disposici\u00f3n, comunicar p\u00fablicamente, transformar o modificar los contenidos salvo en los casos autorizados en la ley o expresamente consentidos por Restaurante Kupela SL o por quien ostente la titularidad de los derechos de explotaci\u00f3n en su caso.<\/p><p>&#8211; Reproducir o copiar para uso privado los contenidos que puedan ser considerados como Software o Base de Datos de conformidad con la legislaci\u00f3n vigente en materia de propiedad intelectual, as\u00ed como su comunicaci\u00f3n p\u00fablica o puesta a disposici\u00f3n de terceros cuando estos actos impliquen necesariamente la reproducci\u00f3n por parte del usuario o de un tercero.<\/p><p>&#8211; Extraer y\/o reutilizar la totalidad o una parte sustancial de los contenidos integrantes de la web as\u00ed como de las bases de datos que Restaurante Kupela SL ponga a disposici\u00f3n de los usuarios.<br \/><br \/><strong>c) Sobre el formulario de recogida de datos<\/strong><br \/><br \/>Toda la informaci\u00f3n que facilite el usuario a trav\u00e9s de los formularios de la web a los efectos anteriores o cualesquiera otros deber\u00e1 ser cierta. A estos efectos, el usuario garantiza la autenticidad de todos aquellos datos que comunique y mantendr\u00e1 la informaci\u00f3n facilitada a Restaurante Kupela SL perfectamente actualizada de forma que responda, en todo momento, a la situaci\u00f3n real del usuario. En todo caso ser\u00e1 el usuario el \u00fanico responsable de las manifestaciones falsas o inexactas que realice y de los perjuicios que cause a Restaurante Kupela SL o a terceros por la informaci\u00f3n que facilite.<\/p><p>As\u00ed mismo, a efectos de lo previsto en el nuevo reglamento europeo de protecci\u00f3n de datos (UE) 2016\/679 de 27 de abril de 2016, relativo a la protecci\u00f3n de las personas f\u00edsicas en lo que respecta al tratamiento de sus datos personales y a la libre circulaci\u00f3n de estos, se informa al usuario los datos del responsable de esta web: kupelarestaurante.com es un proyecto de Restaurante Kupela SL, CIF B20618260 y domicilio social en Zuloaga 12, Hondarribia (20280), Gipuzkoa.<\/p><h3 class=\"visible-first\">4. Exclusi\u00f3n de responsabilidad<\/h3><p><strong>a) De los servicios.<\/strong><br \/><br \/>El acceso a la web no implica la obligaci\u00f3n por parte de Restaurante Kupela SL de controlar la ausencia de virus o cualquiera otro programa o sistema da\u00f1ino. Correspondiendo al usuario la disponibilidad de herramientas adecuadas en su equipo para la detecci\u00f3n y desinfecci\u00f3n de programas inform\u00e1ticos da\u00f1inos. Restaurante Kupela SL no se responsabiliza de los da\u00f1os producidos en los equipos inform\u00e1ticos de los usuarios o de terceros durante la prestaci\u00f3n del servicio de la web.<\/p><p><strong>b) De la disponibilidad de la web.<\/strong><br \/><br \/>El acceso a la web requiere de servicios y suministros de terceros, incluidos el transporte a trav\u00e9s de redes de telecomunicaciones cuya fiabilidad, calidad, continuidad y funcionamiento no corresponde a Restaurante Kupela SL. Por consiguiente, los servicios prove\u00eddos a trav\u00e9s de la web pueden ser suspendidos, cancelados o resultar inaccesibles para los usuarios en cualquier momento.<\/p><p>Restaurante Kupela SL no se responsabiliza de los da\u00f1os o perjuicios de cualquier tipo producidos al usuario que traigan causa de fallos o desconexiones en las redes de telecomunicaciones que produzcan la suspensi\u00f3n, cancelaci\u00f3n o interrupci\u00f3n del servicio de la web durante la prestaci\u00f3n del mismo o con car\u00e1cter previo.<\/p><h3 class=\"visible visible-first\">5. Protecci\u00f3n de datos de car\u00e1cter personal<\/h3><p>El titular tendr\u00e1 derecho a oponerse, acceder, rectificar y cancelar cuantos datos personales suyos existan almacenados en las bases de datos de Restaurante Kupela SL Dichos derechos podr\u00e1n ser ejercitados a trav\u00e9s de cualquier medio de comunicaci\u00f3n con Restaurante Kupela SL.<\/p><p>Para obtener m\u00e1s informaci\u00f3n acerca de nuestras pol\u00edticas de protecci\u00f3n de datos de caracter personal, puede visitar nuestra pol\u00edtica de privacidad.<\/p><h3 class=\"visible visible-first\">6. Legislaci\u00f3n aplicable<\/h3><p>El presente Aviso Legal y sus consecuencias se regir\u00e1n en todo caso por la legislaci\u00f3n espa\u00f1ola que est\u00e9 en vigor en cada momento.<\/p><\/div><\/div>\n\t\t\t\t<\/div>\n\t\t\t\t<\/div>\n\t\t\t\t<div class=\"elementor-element elementor-element-3c9b7d16 elementor-widget elementor-widget-spacer\" data-id=\"3c9b7d16\" data-element_type=\"widget\" data-widget_type=\"spacer.default\">\n\t\t\t\t<div class=\"elementor-widget-container\">\n\t\t\t\t\t<div class=\"elementor-spacer\">\n\t\t\t<div class=\"elementor-spacer-inner\"><\/div>\n\t\t<\/div>\n\t\t\t\t<\/div>\n\t\t\t\t<\/div>\n\t\t\t\t\t\t<\/div>\n\t\t\t\t\t<\/div>\n\t\t<\/div>\n\t\t\t\t\t\t\t\t<\/div>\n\t\t\t\t\t<\/div>\n\t\t<\/section>\n\t\t\t\t\t\t<\/div>\n\t\t\t\t\t\t<\/div>\n\t\t\t\t\t<\/div>\n\t\t","protected":false},"excerpt":{"rendered":"<p>Aviso Legal HOME\u00a0 &gt;\u00a0 AVISO LEGAL 1.Informaci\u00f3n legal Las presentes disposiciones regulan el uso del servicio de la presente web de Internet (en adelante, la &#8220;web&#8221;) que Restaurante Kupela SL pone a disposici\u00f3n de sus usuarios. Entidad: Restaurante Kupela SLCIF: B20618260Direcci\u00f3n: Zuloaga 12, Hondarribia (20280), Gipuzkoa La utilizaci\u00f3n la web atribuye la condici\u00f3n de usuario [&hellip;]<\/p>\n","protected":false},"author":2,"featured_media":0,"parent":0,"menu_order":0,"comment_status":"closed","ping_status":"closed","template":"elementor_header_footer","meta":[],"_links":{"self":[{"href":"https:\/\/kupelarestaurante.com\/index.php\/wp-json\/wp\/v2\/pages\/1400"}],"collection":[{"href":"https:\/\/kupelarestaurante.com\/index.php\/wp-json\/wp\/v2\/pages"}],"about":[{"href":"https:\/\/kupelarestaurante.com\/index.php\/wp-json\/wp\/v2\/types\/page"}],"author":[{"embeddable":true,"href":"https:\/\/kupelarestaurante.com\/index.php\/wp-json\/wp\/v2\/users\/2"}],"replies":[{"embeddable":true,"href":"https:\/\/kupelarestaurante.com\/index.php\/wp-json\/wp\/v2\/comments?post=1400"}],"version-history":[{"count":2,"href":"https:\/\/kupelarestaurante.com\/index.php\/wp-json\/wp\/v2\/pages\/1400\/revisions"}],"predecessor-version":[{"id":1451,"href":"https:\/\/kupelarestaurante.com\/index.php\/wp-json\/wp\/v2\/pages\/1400\/revisions\/1451"}],"wp:attachment":[{"href":"https:\/\/kupelarestaurante.com\/index.php\/wp-json\/wp\/v2\/media?parent=1400"}],"curies":[{"name":"wp","href":"https:\/\/api.w.org\/{rel}","templated":true}]}}